{"id":286,"date":"2022-06-29T16:38:55","date_gmt":"2022-06-29T16:38:55","guid":{"rendered":"https:\/\/agencia-xyz.com\/?page_id=286"},"modified":"2022-09-29T08:14:15","modified_gmt":"2022-09-29T08:14:15","slug":"marketing-medico","status":"publish","type":"page","link":"https:\/\/agencia-xyz.com\/index.php\/marketing-medico\/","title":{"rendered":"Marketing M\u00e9dico"},"content":{"rendered":"\t\t<div data-elementor-type=\"wp-page\" data-elementor-id=\"286\" class=\"elementor elementor-286\" data-elementor-post-type=\"page\">\n\t\t\t\t\t\t\t\t\t<section class=\"elementor-section elementor-top-section elementor-element elementor-element-9697de5 elementor-section-boxed elementor-section-height-default elementor-section-height-default wpr-particle-no wpr-jarallax-no wpr-parallax-no wpr-sticky-section-no elementor-invisible\" data-id=\"9697de5\" data-element_type=\"section\" data-settings=\"{&quot;background_background&quot;:&quot;classic&quot;,&quot;animation&quot;:&quot;fadeInLeft&quot;}\">\n\t\t\t\t\t\t<div class=\"elementor-container elementor-column-gap-default\">\n\t\t\t\t\t<div class=\"elementor-column elementor-col-50 elementor-top-column elementor-element elementor-element-48d1b07\" data-id=\"48d1b07\" data-element_type=\"column\">\n\t\t\t<div class=\"elementor-widget-wrap elementor-element-populated\">\n\t\t\t\t\t\t\t\t<section class=\"elementor-section elementor-inner-section elementor-element elementor-element-aba804e elementor-section-boxed elementor-section-height-default elementor-section-height-default wpr-particle-no wpr-jarallax-no wpr-parallax-no wpr-sticky-section-no\" data-id=\"aba804e\" data-element_type=\"section\">\n\t\t\t\t\t\t<div class=\"elementor-container elementor-column-gap-default\">\n\t\t\t\t\t<div class=\"elementor-column elementor-col-100 elementor-inner-column elementor-element elementor-element-f4f3b02\" data-id=\"f4f3b02\" data-element_type=\"column\">\n\t\t\t<div class=\"elementor-widget-wrap elementor-element-populated\">\n\t\t\t\t\t\t\t\t<div class=\"elementor-element elementor-element-1a80488 elementor-widget elementor-widget-heading\" data-id=\"1a80488\" data-element_type=\"widget\" data-widget_type=\"heading.default\">\n\t\t\t\t<div class=\"elementor-widget-container\">\n\t\t\t<style>\/*! elementor - v3.15.0 - 20-08-2023 *\/\n.elementor-heading-title{padding:0;margin:0;line-height:1}.elementor-widget-heading .elementor-heading-title[class*=elementor-size-]>a{color:inherit;font-size:inherit;line-height:inherit}.elementor-widget-heading .elementor-heading-title.elementor-size-small{font-size:15px}.elementor-widget-heading .elementor-heading-title.elementor-size-medium{font-size:19px}.elementor-widget-heading .elementor-heading-title.elementor-size-large{font-size:29px}.elementor-widget-heading .elementor-heading-title.elementor-size-xl{font-size:39px}.elementor-widget-heading .elementor-heading-title.elementor-size-xxl{font-size:59px}<\/style><h2 class=\"elementor-heading-title elementor-size-default\">Docotres, cl\u00ednicas, hospitales y dem\u00e1s profesionales de la salud.<\/h2>\t\t<\/div>\n\t\t\t\t<\/div>\n\t\t\t\t<div class=\"elementor-element elementor-element-aea9868 elementor-widget elementor-widget-text-editor\" data-id=\"aea9868\" data-element_type=\"widget\" data-widget_type=\"text-editor.default\">\n\t\t\t\t<div class=\"elementor-widget-container\">\n\t\t\t<style>\/*! elementor - v3.15.0 - 20-08-2023 *\/\n.elementor-widget-text-editor.elementor-drop-cap-view-stacked .elementor-drop-cap{background-color:#69727d;color:#fff}.elementor-widget-text-editor.elementor-drop-cap-view-framed .elementor-drop-cap{color:#69727d;border:3px solid;background-color:transparent}.elementor-widget-text-editor:not(.elementor-drop-cap-view-default) .elementor-drop-cap{margin-top:8px}.elementor-widget-text-editor:not(.elementor-drop-cap-view-default) .elementor-drop-cap-letter{width:1em;height:1em}.elementor-widget-text-editor .elementor-drop-cap{float:left;text-align:center;line-height:1;font-size:50px}.elementor-widget-text-editor .elementor-drop-cap-letter{display:inline-block}<\/style>\t\t\t\t<p><b>Beneficios especiales para profesionales de la salud:<\/b><\/p>\n<ul>\n<li><span style=\"background-color: transparent; color: var( --e-global-color-text );\">Te creamos una <b>agenda virtual gratis<\/b> para citar en autom\u00e1tico a tus pacientes.<\/span><\/li>\n<li><span class=\"JsGRdQ\">Le daremos <b>seguimiento por correo a tus nuevas consultas<\/b> en autom\u00e1tico.<\/span><\/li>\n<li><span class=\"JsGRdQ\"><b>Automatizamos la atenci\u00f3n al cliente<\/b> por redes sociales y WhatsApp Business.<\/span><\/li>\n<li><b>Le ense\u00f1amos a tu secretaria o personal<\/b> a agendar los pacientes interesados para elevar tu tasa de cierre.<\/li>\n<li><b>Seguimos los lineamientos de las asociaciones<\/b> a las que pertenezcas.&nbsp;<\/li>\n<li><b>Sesi\u00f3n de fotos y videos<\/b> exclusivo para m\u00e9dicos.<\/li>\n<li>Usamos el <b>comportamiento humano y neuromarketing<\/b> para comunicar mejor a tu mercado.<\/li>\n<li>Volvemos tu servicio m\u00e9dico una oferta irresistible de valor <b>sin tener que venderte barato o dar descuentos.<\/b><\/li>\n<\/ul>\t\t\t\t\t\t<\/div>\n\t\t\t\t<\/div>\n\t\t\t\t\t<\/div>\n\t\t<\/div>\n\t\t\t\t\t\t\t<\/div>\n\t\t<\/section>\n\t\t\t\t\t<\/div>\n\t\t<\/div>\n\t\t\t\t<div class=\"elementor-column elementor-col-50 elementor-top-column elementor-element elementor-element-66b0cca\" data-id=\"66b0cca\" data-element_type=\"column\">\n\t\t\t<div class=\"elementor-widget-wrap elementor-element-populated\">\n\t\t\t\t\t\t\t\t<div class=\"elementor-element elementor-element-20a4f67 elementor-widget elementor-widget-image\" data-id=\"20a4f67\" data-element_type=\"widget\" data-widget_type=\"image.default\">\n\t\t\t\t<div class=\"elementor-widget-container\">\n\t\t\t<style>\/*! elementor - v3.15.0 - 20-08-2023 *\/\n.elementor-widget-image{text-align:center}.elementor-widget-image a{display:inline-block}.elementor-widget-image a img[src$=\".svg\"]{width:48px}.elementor-widget-image img{vertical-align:middle;display:inline-block}<\/style>\t\t\t\t\t\t\t\t\t\t\t\t<img loading=\"lazy\" decoding=\"async\" width=\"500\" height=\"500\" src=\"https:\/\/agencia-xyz.com\/wp-content\/uploads\/2022\/04\/11-removebg-preview.png\" class=\"attachment-large size-large wp-image-191\" alt=\"\" \/>\t\t\t\t\t\t\t\t\t\t\t\t\t\t\t<\/div>\n\t\t\t\t<\/div>\n\t\t\t\t\t<\/div>\n\t\t<\/div>\n\t\t\t\t\t\t\t<\/div>\n\t\t<\/section>\n\t\t\t\t<section class=\"elementor-section elementor-top-section elementor-element elementor-element-7389c9a elementor-section-boxed elementor-section-height-default elementor-section-height-default wpr-particle-no wpr-jarallax-no wpr-parallax-no wpr-sticky-section-no\" data-id=\"7389c9a\" data-element_type=\"section\">\n\t\t\t\t\t\t<div class=\"elementor-container elementor-column-gap-default\">\n\t\t\t\t\t<div class=\"elementor-column elementor-col-100 elementor-top-column elementor-element elementor-element-63b5875\" data-id=\"63b5875\" data-element_type=\"column\">\n\t\t\t<div class=\"elementor-widget-wrap elementor-element-populated\">\n\t\t\t\t\t\t\t\t<div class=\"elementor-element elementor-element-bbdcc35 elementor-widget elementor-widget-html\" data-id=\"bbdcc35\" data-element_type=\"widget\" data-widget_type=\"html.default\">\n\t\t\t\t<div class=\"elementor-widget-container\">\n\t\t\t<script type=\"text\/javascript\" src=\"https:\/\/form.jotform.com\/jsform\/222711480564857\"><\/script>\t\t<\/div>\n\t\t\t\t<\/div>\n\t\t\t\t\t<\/div>\n\t\t<\/div>\n\t\t\t\t\t\t\t<\/div>\n\t\t<\/section>\n\t\t\t\t<section class=\"elementor-section elementor-top-section elementor-element elementor-element-09356ae elementor-section-boxed elementor-section-height-default elementor-section-height-default wpr-particle-no wpr-jarallax-no wpr-parallax-no wpr-sticky-section-no\" data-id=\"09356ae\" data-element_type=\"section\">\n\t\t\t\t\t\t<div class=\"elementor-container elementor-column-gap-default\">\n\t\t\t\t\t<div class=\"elementor-column elementor-col-100 elementor-top-column elementor-element elementor-element-147a334\" data-id=\"147a334\" data-element_type=\"column\">\n\t\t\t<div class=\"elementor-widget-wrap elementor-element-populated\">\n\t\t\t\t\t\t\t\t<div class=\"elementor-element elementor-element-fa8fd1c elementor-widget elementor-widget-spacer\" data-id=\"fa8fd1c\" data-element_type=\"widget\" data-widget_type=\"spacer.default\">\n\t\t\t\t<div class=\"elementor-widget-container\">\n\t\t\t<style>\/*! elementor - v3.15.0 - 20-08-2023 *\/\n.elementor-column .elementor-spacer-inner{height:var(--spacer-size)}.e-con{--container-widget-width:100%}.e-con-inner>.elementor-widget-spacer,.e-con>.elementor-widget-spacer{width:var(--container-widget-width,var(--spacer-size));--align-self:var(--container-widget-align-self,initial);--flex-shrink:0}.e-con-inner>.elementor-widget-spacer>.elementor-widget-container,.e-con-inner>.elementor-widget-spacer>.elementor-widget-container>.elementor-spacer,.e-con>.elementor-widget-spacer>.elementor-widget-container,.e-con>.elementor-widget-spacer>.elementor-widget-container>.elementor-spacer{height:100%}.e-con-inner>.elementor-widget-spacer>.elementor-widget-container>.elementor-spacer>.elementor-spacer-inner,.e-con>.elementor-widget-spacer>.elementor-widget-container>.elementor-spacer>.elementor-spacer-inner{height:var(--container-widget-height,var(--spacer-size))}<\/style>\t\t<div class=\"elementor-spacer\">\n\t\t\t<div class=\"elementor-spacer-inner\"><\/div>\n\t\t<\/div>\n\t\t\t\t<\/div>\n\t\t\t\t<\/div>\n\t\t\t\t\t<\/div>\n\t\t<\/div>\n\t\t\t\t\t\t\t<\/div>\n\t\t<\/section>\n\t\t\t\t<section class=\"elementor-section elementor-top-section elementor-element elementor-element-43b41dc elementor-section-boxed elementor-section-height-default elementor-section-height-default wpr-particle-no wpr-jarallax-no wpr-parallax-no wpr-sticky-section-no\" data-id=\"43b41dc\" data-element_type=\"section\" data-settings=\"{&quot;background_background&quot;:&quot;gradient&quot;}\">\n\t\t\t\t\t\t<div class=\"elementor-container elementor-column-gap-default\">\n\t\t\t\t\t<div class=\"elementor-column elementor-col-50 elementor-top-column elementor-element elementor-element-b0cbf11\" data-id=\"b0cbf11\" data-element_type=\"column\">\n\t\t\t<div class=\"elementor-widget-wrap elementor-element-populated\">\n\t\t\t\t\t\t\t\t<div class=\"elementor-element elementor-element-9e0122d elementor-widget elementor-widget-heading\" data-id=\"9e0122d\" data-element_type=\"widget\" data-widget_type=\"heading.default\">\n\t\t\t\t<div class=\"elementor-widget-container\">\n\t\t\t<h2 class=\"elementor-heading-title elementor-size-default\">servicios<\/h2>\t\t<\/div>\n\t\t\t\t<\/div>\n\t\t\t\t<div class=\"elementor-element elementor-element-8829c34 elementor-widget elementor-widget-text-editor\" data-id=\"8829c34\" data-element_type=\"widget\" data-widget_type=\"text-editor.default\">\n\t\t\t\t<div class=\"elementor-widget-container\">\n\t\t\t\t\t\t\t<p><span style=\"text-decoration: underline; color: #000080;\"><a style=\"color: #000080; text-decoration: underline;\" href=\"https:\/\/agencia-xyz.com\/index.php\/marketing-medico\/\">Marketing M\u00e9dico.<\/a><\/span><\/p><p><span style=\"text-decoration: underline; color: #000080;\"><a style=\"color: #000080; text-decoration: underline;\" href=\"https:\/\/agencia-xyz.com\/index.php\/marketing-juridico\/\">Marketing Jur\u00eddico.<\/a><\/span><\/p><p><span style=\"text-decoration: underline; color: #000080;\"><a style=\"color: #000080; text-decoration: underline;\" href=\"https:\/\/agencia-xyz.com\/index.php\/empresas-y-profesionales-de-servicios\/\">Dem\u00e1s Empresas y profesionales de servicios.<\/a><\/span><\/p>\t\t\t\t\t\t<\/div>\n\t\t\t\t<\/div>\n\t\t\t\t<div class=\"elementor-element elementor-element-71d94ac elementor-widget elementor-widget-heading\" data-id=\"71d94ac\" data-element_type=\"widget\" data-widget_type=\"heading.default\">\n\t\t\t\t<div class=\"elementor-widget-container\">\n\t\t\t<h2 class=\"elementor-heading-title elementor-size-default\">Empresa<\/h2>\t\t<\/div>\n\t\t\t\t<\/div>\n\t\t\t\t<div class=\"elementor-element elementor-element-f1a2221 elementor-widget elementor-widget-text-editor\" data-id=\"f1a2221\" data-element_type=\"widget\" data-widget_type=\"text-editor.default\">\n\t\t\t\t<div class=\"elementor-widget-container\">\n\t\t\t\t\t\t\t<p><span style=\"text-decoration: underline; color: #000080;\"><a style=\"color: #000080; text-decoration: underline;\" href=\"https:\/\/agencia-xyz.com\/index.php\/quienes-somos\/\">Nuestra Historia.<\/a><\/span><\/p><p><span style=\"text-decoration: underline; color: #000080;\"><a style=\"color: #000080; text-decoration: underline;\" href=\"https:\/\/agencia-xyz.com\/index.php\/contactanos\/\">Contacto.<\/a><\/span><\/p><p><span style=\"text-decoration: underline; color: #000080;\"><a style=\"color: #000080; text-decoration: underline;\" href=\"https:\/\/agencia-xyz.com\/index.php\/recursos-gratuitos\/\">Recursos Gratuitos.<\/a><\/span><\/p>\t\t\t\t\t\t<\/div>\n\t\t\t\t<\/div>\n\t\t\t\t\t<\/div>\n\t\t<\/div>\n\t\t\t\t<div class=\"elementor-column elementor-col-50 elementor-top-column elementor-element elementor-element-9578ec2\" data-id=\"9578ec2\" data-element_type=\"column\">\n\t\t\t<div class=\"elementor-widget-wrap elementor-element-populated\">\n\t\t\t\t\t\t\t\t<div class=\"elementor-element elementor-element-0e67eed elementor-widget elementor-widget-heading\" data-id=\"0e67eed\" data-element_type=\"widget\" data-widget_type=\"heading.default\">\n\t\t\t\t<div class=\"elementor-widget-container\">\n\t\t\t<h2 class=\"elementor-heading-title elementor-size-default\">cont\u00e1ctanos<\/h2>\t\t<\/div>\n\t\t\t\t<\/div>\n\t\t\t\t<div class=\"elementor-element elementor-element-8e36382 elementor-widget elementor-widget-text-editor\" data-id=\"8e36382\" data-element_type=\"widget\" data-widget_type=\"text-editor.default\">\n\t\t\t\t<div class=\"elementor-widget-container\">\n\t\t\t\t\t\t\t<p><span style=\"color: #000080;\">Panam\u00e1, Ciudad de Panam\u00e1, Bella Vista.<\/span><\/p><p><span style=\"color: #000080;\">+507 6445-2064 (WhatsApp)<\/span><\/p><p><span style=\"text-decoration: underline; color: #000080;\"><a style=\"color: #000080; text-decoration: underline;\" href=\"mailto:clientes@agencia-xyz.com\">clientes@agencia-xyz.com<\/a><\/span><\/p>\t\t\t\t\t\t<\/div>\n\t\t\t\t<\/div>\n\t\t\t\t<div class=\"elementor-element elementor-element-0a70c91 elementor-widget elementor-widget-text-editor\" data-id=\"0a70c91\" data-element_type=\"widget\" data-widget_type=\"text-editor.default\">\n\t\t\t\t<div class=\"elementor-widget-container\">\n\t\t\t\t\t\t\t<p><b>\u00a1S\u00edguenos!<\/b><\/p>\t\t\t\t\t\t<\/div>\n\t\t\t\t<\/div>\n\t\t\t\t<div class=\"elementor-element elementor-element-3ccb057 elementor-view-default elementor-invisible elementor-widget elementor-widget-icon\" data-id=\"3ccb057\" data-element_type=\"widget\" data-settings=\"{&quot;_animation&quot;:&quot;fadeInUp&quot;}\" data-widget_type=\"icon.default\">\n\t\t\t\t<div class=\"elementor-widget-container\">\n\t\t\t\t\t<div class=\"elementor-icon-wrapper\">\n\t\t\t<a class=\"elementor-icon elementor-animation-shrink\" href=\"https:\/\/www.instagram.com\/agencia.xyz\/\">\n\t\t\t<i aria-hidden=\"true\" class=\"fab fa-instagram\"><\/i>\t\t\t<\/a>\n\t\t<\/div>\n\t\t\t\t<\/div>\n\t\t\t\t<\/div>\n\t\t\t\t<div class=\"elementor-element elementor-element-cd0a13f elementor-view-default elementor-invisible elementor-widget elementor-widget-icon\" data-id=\"cd0a13f\" data-element_type=\"widget\" data-settings=\"{&quot;_animation&quot;:&quot;fadeInUp&quot;}\" data-widget_type=\"icon.default\">\n\t\t\t\t<div class=\"elementor-widget-container\">\n\t\t\t\t\t<div class=\"elementor-icon-wrapper\">\n\t\t\t<a class=\"elementor-icon elementor-animation-shrink\" href=\"https:\/\/wa.link\/tomg4w\">\n\t\t\t<i aria-hidden=\"true\" class=\"fab fa-whatsapp\"><\/i>\t\t\t<\/a>\n\t\t<\/div>\n\t\t\t\t<\/div>\n\t\t\t\t<\/div>\n\t\t\t\t\t<\/div>\n\t\t<\/div>\n\t\t\t\t\t\t\t<\/div>\n\t\t<\/section>\n\t\t\t\t\t\t\t<\/div>\n\t\t","protected":false},"excerpt":{"rendered":"<p>Docotres, cl\u00ednicas, hospitales y dem\u00e1s profesionales de la salud. Beneficios especiales para profesionales de la salud: Te creamos una agenda virtual gratis para citar en autom\u00e1tico a tus pacientes. Le daremos seguimiento por correo a tus nuevas consultas en autom\u00e1tico. Automatizamos la atenci\u00f3n al cliente por redes sociales y WhatsApp Business. Le ense\u00f1amos a tu [&hellip;]<\/p>\n","protected":false},"author":1,"featured_media":0,"parent":0,"menu_order":0,"comment_status":"closed","ping_status":"closed","template":"","meta":{"content-type":"","footnotes":""},"class_list":["post-286","page","type-page","status-publish","hentry"],"yoast_head":"<!-- This site is optimized with the Yoast SEO plugin v19.2 - https:\/\/yoast.com\/wordpress\/plugins\/seo\/ -->\n<title>Marketing M\u00e9dico - Agencia XYZ! - Marketing Digital para empresas de servicios<\/title>\n<meta name=\"robots\" content=\"index, follow, max-snippet:-1, max-image-preview:large, max-video-preview:-1\" \/>\n<link rel=\"canonical\" href=\"https:\/\/agencia-xyz.com\/index.php\/marketing-medico\/\" \/>\n<meta property=\"og:locale\" content=\"es_ES\" \/>\n<meta property=\"og:type\" content=\"article\" \/>\n<meta property=\"og:title\" content=\"Marketing M\u00e9dico - Agencia XYZ! - Marketing Digital para empresas de servicios\" \/>\n<meta property=\"og:description\" content=\"Docotres, cl\u00ednicas, hospitales y dem\u00e1s profesionales de la salud. Beneficios especiales para profesionales de la salud: Te creamos una agenda virtual gratis para citar en autom\u00e1tico a tus pacientes. Le daremos seguimiento por correo a tus nuevas consultas en autom\u00e1tico. Automatizamos la atenci\u00f3n al cliente por redes sociales y WhatsApp Business. Le ense\u00f1amos a tu [&hellip;]\" \/>\n<meta property=\"og:url\" content=\"https:\/\/agencia-xyz.com\/index.php\/marketing-medico\/\" \/>\n<meta property=\"og:site_name\" content=\"Agencia XYZ! - Marketing Digital para empresas de servicios\" \/>\n<meta property=\"article:modified_time\" content=\"2022-09-29T08:14:15+00:00\" \/>\n<meta property=\"og:image\" content=\"http:\/\/agencia-xyz.com\/wp-content\/uploads\/2022\/04\/11-removebg-preview.png\" \/>\n<meta name=\"author\" content=\"agenciaxyz1\" \/>\n<meta name=\"twitter:card\" content=\"summary_large_image\" \/>\n<meta name=\"twitter:label1\" content=\"Tiempo de lectura\" \/>\n\t<meta name=\"twitter:data1\" content=\"1 minuto\" \/>\n<script type=\"application\/ld+json\" class=\"yoast-schema-graph\">{\"@context\":\"https:\/\/schema.org\",\"@graph\":[{\"@type\":\"Organization\",\"@id\":\"https:\/\/agencia-xyz.com\/#organization\",\"name\":\"Agencia XYZ\",\"url\":\"https:\/\/agencia-xyz.com\/\",\"sameAs\":[],\"logo\":{\"@type\":\"ImageObject\",\"inLanguage\":\"es\",\"@id\":\"https:\/\/agencia-xyz.com\/#\/schema\/logo\/image\/\",\"url\":\"https:\/\/agencia-xyz.com\/wp-content\/uploads\/2022\/04\/XYZ-3D-SIN-FONDO-2-1.png\",\"contentUrl\":\"https:\/\/agencia-xyz.com\/wp-content\/uploads\/2022\/04\/XYZ-3D-SIN-FONDO-2-1.png\",\"width\":1069,\"height\":571,\"caption\":\"Agencia XYZ\"},\"image\":{\"@id\":\"https:\/\/agencia-xyz.com\/#\/schema\/logo\/image\/\"}},{\"@type\":\"WebSite\",\"@id\":\"https:\/\/agencia-xyz.com\/#website\",\"url\":\"https:\/\/agencia-xyz.com\/\",\"name\":\"Agencia XYZ! - Marketing Digital para empresas de servicios\",\"description\":\"Creando sistemas de captaci\u00f3n, retenci\u00f3n y referidos para empresas de servicios m\u00e9dicos, abogados, academias y dem\u00e1s servicios.\",\"publisher\":{\"@id\":\"https:\/\/agencia-xyz.com\/#organization\"},\"potentialAction\":[{\"@type\":\"SearchAction\",\"target\":{\"@type\":\"EntryPoint\",\"urlTemplate\":\"https:\/\/agencia-xyz.com\/?s={search_term_string}\"},\"query-input\":\"required name=search_term_string\"}],\"inLanguage\":\"es\"},{\"@type\":\"ImageObject\",\"inLanguage\":\"es\",\"@id\":\"https:\/\/agencia-xyz.com\/index.php\/marketing-medico\/#primaryimage\",\"url\":\"https:\/\/agencia-xyz.com\/wp-content\/uploads\/2022\/04\/11-removebg-preview.png\",\"contentUrl\":\"https:\/\/agencia-xyz.com\/wp-content\/uploads\/2022\/04\/11-removebg-preview.png\",\"width\":500,\"height\":500},{\"@type\":\"WebPage\",\"@id\":\"https:\/\/agencia-xyz.com\/index.php\/marketing-medico\/#webpage\",\"url\":\"https:\/\/agencia-xyz.com\/index.php\/marketing-medico\/\",\"name\":\"Marketing M\u00e9dico - Agencia XYZ! - Marketing Digital para empresas de servicios\",\"isPartOf\":{\"@id\":\"https:\/\/agencia-xyz.com\/#website\"},\"primaryImageOfPage\":{\"@id\":\"https:\/\/agencia-xyz.com\/index.php\/marketing-medico\/#primaryimage\"},\"datePublished\":\"2022-06-29T16:38:55+00:00\",\"dateModified\":\"2022-09-29T08:14:15+00:00\",\"breadcrumb\":{\"@id\":\"https:\/\/agencia-xyz.com\/index.php\/marketing-medico\/#breadcrumb\"},\"inLanguage\":\"es\",\"potentialAction\":[{\"@type\":\"ReadAction\",\"target\":[\"https:\/\/agencia-xyz.com\/index.php\/marketing-medico\/\"]}]},{\"@type\":\"BreadcrumbList\",\"@id\":\"https:\/\/agencia-xyz.com\/index.php\/marketing-medico\/#breadcrumb\",\"itemListElement\":[{\"@type\":\"ListItem\",\"position\":1,\"name\":\"Portada\",\"item\":\"https:\/\/agencia-xyz.com\/\"},{\"@type\":\"ListItem\",\"position\":2,\"name\":\"Marketing M\u00e9dico\"}]}]}<\/script>\n<!-- \/ Yoast SEO plugin. -->","yoast_head_json":{"title":"Marketing M\u00e9dico - Agencia XYZ! - Marketing Digital para empresas de servicios","robots":{"index":"index","follow":"follow","max-snippet":"max-snippet:-1","max-image-preview":"max-image-preview:large","max-video-preview":"max-video-preview:-1"},"canonical":"https:\/\/agencia-xyz.com\/index.php\/marketing-medico\/","og_locale":"es_ES","og_type":"article","og_title":"Marketing M\u00e9dico - Agencia XYZ! - Marketing Digital para empresas de servicios","og_description":"Docotres, cl\u00ednicas, hospitales y dem\u00e1s profesionales de la salud. Beneficios especiales para profesionales de la salud: Te creamos una agenda virtual gratis para citar en autom\u00e1tico a tus pacientes. Le daremos seguimiento por correo a tus nuevas consultas en autom\u00e1tico. Automatizamos la atenci\u00f3n al cliente por redes sociales y WhatsApp Business. Le ense\u00f1amos a tu [&hellip;]","og_url":"https:\/\/agencia-xyz.com\/index.php\/marketing-medico\/","og_site_name":"Agencia XYZ! - Marketing Digital para empresas de servicios","article_modified_time":"2022-09-29T08:14:15+00:00","og_image":[{"url":"http:\/\/agencia-xyz.com\/wp-content\/uploads\/2022\/04\/11-removebg-preview.png"}],"author":"agenciaxyz1","twitter_card":"summary_large_image","twitter_misc":{"Tiempo de lectura":"1 minuto"},"schema":{"@context":"https:\/\/schema.org","@graph":[{"@type":"Organization","@id":"https:\/\/agencia-xyz.com\/#organization","name":"Agencia XYZ","url":"https:\/\/agencia-xyz.com\/","sameAs":[],"logo":{"@type":"ImageObject","inLanguage":"es","@id":"https:\/\/agencia-xyz.com\/#\/schema\/logo\/image\/","url":"https:\/\/agencia-xyz.com\/wp-content\/uploads\/2022\/04\/XYZ-3D-SIN-FONDO-2-1.png","contentUrl":"https:\/\/agencia-xyz.com\/wp-content\/uploads\/2022\/04\/XYZ-3D-SIN-FONDO-2-1.png","width":1069,"height":571,"caption":"Agencia XYZ"},"image":{"@id":"https:\/\/agencia-xyz.com\/#\/schema\/logo\/image\/"}},{"@type":"WebSite","@id":"https:\/\/agencia-xyz.com\/#website","url":"https:\/\/agencia-xyz.com\/","name":"Agencia XYZ! - Marketing Digital para empresas de servicios","description":"Creando sistemas de captaci\u00f3n, retenci\u00f3n y referidos para empresas de servicios m\u00e9dicos, abogados, academias y dem\u00e1s servicios.","publisher":{"@id":"https:\/\/agencia-xyz.com\/#organization"},"potentialAction":[{"@type":"SearchAction","target":{"@type":"EntryPoint","urlTemplate":"https:\/\/agencia-xyz.com\/?s={search_term_string}"},"query-input":"required name=search_term_string"}],"inLanguage":"es"},{"@type":"ImageObject","inLanguage":"es","@id":"https:\/\/agencia-xyz.com\/index.php\/marketing-medico\/#primaryimage","url":"https:\/\/agencia-xyz.com\/wp-content\/uploads\/2022\/04\/11-removebg-preview.png","contentUrl":"https:\/\/agencia-xyz.com\/wp-content\/uploads\/2022\/04\/11-removebg-preview.png","width":500,"height":500},{"@type":"WebPage","@id":"https:\/\/agencia-xyz.com\/index.php\/marketing-medico\/#webpage","url":"https:\/\/agencia-xyz.com\/index.php\/marketing-medico\/","name":"Marketing M\u00e9dico - Agencia XYZ! - Marketing Digital para empresas de servicios","isPartOf":{"@id":"https:\/\/agencia-xyz.com\/#website"},"primaryImageOfPage":{"@id":"https:\/\/agencia-xyz.com\/index.php\/marketing-medico\/#primaryimage"},"datePublished":"2022-06-29T16:38:55+00:00","dateModified":"2022-09-29T08:14:15+00:00","breadcrumb":{"@id":"https:\/\/agencia-xyz.com\/index.php\/marketing-medico\/#breadcrumb"},"inLanguage":"es","potentialAction":[{"@type":"ReadAction","target":["https:\/\/agencia-xyz.com\/index.php\/marketing-medico\/"]}]},{"@type":"BreadcrumbList","@id":"https:\/\/agencia-xyz.com\/index.php\/marketing-medico\/#breadcrumb","itemListElement":[{"@type":"ListItem","position":1,"name":"Portada","item":"https:\/\/agencia-xyz.com\/"},{"@type":"ListItem","position":2,"name":"Marketing M\u00e9dico"}]}]}},"rttpg_featured_image_url":null,"rttpg_author":{"display_name":"agenciaxyz1","author_link":"https:\/\/agencia-xyz.com\/index.php\/author\/agenciaxyz1\/"},"rttpg_comment":0,"rttpg_category":null,"rttpg_excerpt":"Docotres, cl\u00ednicas, hospitales y dem\u00e1s profesionales de la salud. Beneficios especiales para profesionales de la salud: Te creamos una agenda virtual gratis para citar en autom\u00e1tico a tus pacientes. Le daremos seguimiento por correo a tus nuevas consultas en autom\u00e1tico. Automatizamos la atenci\u00f3n al cliente por redes sociales y WhatsApp Business. Le ense\u00f1amos a tu&hellip;","_links":{"self":[{"href":"https:\/\/agencia-xyz.com\/index.php\/wp-json\/wp\/v2\/pages\/286"}],"collection":[{"href":"https:\/\/agencia-xyz.com\/index.php\/wp-json\/wp\/v2\/pages"}],"about":[{"href":"https:\/\/agencia-xyz.com\/index.php\/wp-json\/wp\/v2\/types\/page"}],"author":[{"embeddable":true,"href":"https:\/\/agencia-xyz.com\/index.php\/wp-json\/wp\/v2\/users\/1"}],"replies":[{"embeddable":true,"href":"https:\/\/agencia-xyz.com\/index.php\/wp-json\/wp\/v2\/comments?post=286"}],"version-history":[{"count":25,"href":"https:\/\/agencia-xyz.com\/index.php\/wp-json\/wp\/v2\/pages\/286\/revisions"}],"predecessor-version":[{"id":1134,"href":"https:\/\/agencia-xyz.com\/index.php\/wp-json\/wp\/v2\/pages\/286\/revisions\/1134"}],"wp:attachment":[{"href":"https:\/\/agencia-xyz.com\/index.php\/wp-json\/wp\/v2\/media?parent=286"}],"curies":[{"name":"wp","href":"https:\/\/api.w.org\/{rel}","templated":true}]}}