{"id":271,"date":"2022-04-21T18:02:54","date_gmt":"2022-04-21T18:02:54","guid":{"rendered":"https:\/\/agencia-xyz.com\/?page_id=271"},"modified":"2022-09-29T08:18:26","modified_gmt":"2022-09-29T08:18:26","slug":"trabaja-con-nosotros","status":"publish","type":"page","link":"https:\/\/agencia-xyz.com\/index.php\/trabaja-con-nosotros\/","title":{"rendered":"Trabaja con nosotros!"},"content":{"rendered":"\t\t<div data-elementor-type=\"wp-page\" data-elementor-id=\"271\" class=\"elementor elementor-271\" data-elementor-post-type=\"page\">\n\t\t\t\t\t\t\t\t\t<section class=\"elementor-section elementor-top-section elementor-element elementor-element-6c3f40d elementor-section-boxed elementor-section-height-default elementor-section-height-default wpr-particle-no wpr-jarallax-no wpr-parallax-no wpr-sticky-section-no\" data-id=\"6c3f40d\" data-element_type=\"section\">\n\t\t\t\t\t\t<div class=\"elementor-container elementor-column-gap-default\">\n\t\t\t\t\t<div class=\"elementor-column elementor-col-100 elementor-top-column elementor-element elementor-element-0578059\" data-id=\"0578059\" data-element_type=\"column\">\n\t\t\t<div class=\"elementor-widget-wrap elementor-element-populated\">\n\t\t\t\t\t\t\t\t<div class=\"elementor-element elementor-element-a06f332 elementor-widget elementor-widget-heading\" data-id=\"a06f332\" data-element_type=\"widget\" data-widget_type=\"heading.default\">\n\t\t\t\t<div class=\"elementor-widget-container\">\n\t\t\t<style>\/*! elementor - v3.15.0 - 20-08-2023 *\/\n.elementor-heading-title{padding:0;margin:0;line-height:1}.elementor-widget-heading .elementor-heading-title[class*=elementor-size-]>a{color:inherit;font-size:inherit;line-height:inherit}.elementor-widget-heading .elementor-heading-title.elementor-size-small{font-size:15px}.elementor-widget-heading .elementor-heading-title.elementor-size-medium{font-size:19px}.elementor-widget-heading .elementor-heading-title.elementor-size-large{font-size:29px}.elementor-widget-heading .elementor-heading-title.elementor-size-xl{font-size:39px}.elementor-widget-heading .elementor-heading-title.elementor-size-xxl{font-size:59px}<\/style><h2 class=\"elementor-heading-title elementor-size-default\">Pronto subiremos nuestras vacantes disponibles.<\/h2>\t\t<\/div>\n\t\t\t\t<\/div>\n\t\t\t\t\t<\/div>\n\t\t<\/div>\n\t\t\t\t\t\t\t<\/div>\n\t\t<\/section>\n\t\t\t\t<section class=\"elementor-section elementor-top-section elementor-element elementor-element-c723dac elementor-section-boxed elementor-section-height-default elementor-section-height-default wpr-particle-no wpr-jarallax-no wpr-parallax-no wpr-sticky-section-no\" data-id=\"c723dac\" data-element_type=\"section\">\n\t\t\t\t\t\t<div class=\"elementor-container elementor-column-gap-default\">\n\t\t\t\t\t<div class=\"elementor-column elementor-col-100 elementor-top-column elementor-element elementor-element-0b31884\" data-id=\"0b31884\" data-element_type=\"column\">\n\t\t\t<div class=\"elementor-widget-wrap elementor-element-populated\">\n\t\t\t\t\t\t\t\t<div class=\"elementor-element elementor-element-2da55fc elementor-widget elementor-widget-spacer\" data-id=\"2da55fc\" data-element_type=\"widget\" data-widget_type=\"spacer.default\">\n\t\t\t\t<div class=\"elementor-widget-container\">\n\t\t\t<style>\/*! elementor - v3.15.0 - 20-08-2023 *\/\n.elementor-column .elementor-spacer-inner{height:var(--spacer-size)}.e-con{--container-widget-width:100%}.e-con-inner>.elementor-widget-spacer,.e-con>.elementor-widget-spacer{width:var(--container-widget-width,var(--spacer-size));--align-self:var(--container-widget-align-self,initial);--flex-shrink:0}.e-con-inner>.elementor-widget-spacer>.elementor-widget-container,.e-con-inner>.elementor-widget-spacer>.elementor-widget-container>.elementor-spacer,.e-con>.elementor-widget-spacer>.elementor-widget-container,.e-con>.elementor-widget-spacer>.elementor-widget-container>.elementor-spacer{height:100%}.e-con-inner>.elementor-widget-spacer>.elementor-widget-container>.elementor-spacer>.elementor-spacer-inner,.e-con>.elementor-widget-spacer>.elementor-widget-container>.elementor-spacer>.elementor-spacer-inner{height:var(--container-widget-height,var(--spacer-size))}<\/style>\t\t<div class=\"elementor-spacer\">\n\t\t\t<div class=\"elementor-spacer-inner\"><\/div>\n\t\t<\/div>\n\t\t\t\t<\/div>\n\t\t\t\t<\/div>\n\t\t\t\t\t<\/div>\n\t\t<\/div>\n\t\t\t\t\t\t\t<\/div>\n\t\t<\/section>\n\t\t\t\t<section class=\"elementor-section elementor-top-section elementor-element elementor-element-d9bd8a4 elementor-section-boxed elementor-section-height-default elementor-section-height-default wpr-particle-no wpr-jarallax-no wpr-parallax-no wpr-sticky-section-no\" data-id=\"d9bd8a4\" data-element_type=\"section\" data-settings=\"{&quot;background_background&quot;:&quot;gradient&quot;}\">\n\t\t\t\t\t\t<div class=\"elementor-container elementor-column-gap-default\">\n\t\t\t\t\t<div class=\"elementor-column elementor-col-50 elementor-top-column elementor-element elementor-element-bc3d991\" data-id=\"bc3d991\" data-element_type=\"column\">\n\t\t\t<div class=\"elementor-widget-wrap elementor-element-populated\">\n\t\t\t\t\t\t\t\t<div class=\"elementor-element elementor-element-4e539c5 elementor-widget elementor-widget-heading\" data-id=\"4e539c5\" data-element_type=\"widget\" data-widget_type=\"heading.default\">\n\t\t\t\t<div class=\"elementor-widget-container\">\n\t\t\t<h2 class=\"elementor-heading-title elementor-size-default\">servicios<\/h2>\t\t<\/div>\n\t\t\t\t<\/div>\n\t\t\t\t<div class=\"elementor-element elementor-element-7a9fa31 elementor-widget elementor-widget-text-editor\" data-id=\"7a9fa31\" data-element_type=\"widget\" data-widget_type=\"text-editor.default\">\n\t\t\t\t<div class=\"elementor-widget-container\">\n\t\t\t<style>\/*! elementor - v3.15.0 - 20-08-2023 *\/\n.elementor-widget-text-editor.elementor-drop-cap-view-stacked .elementor-drop-cap{background-color:#69727d;color:#fff}.elementor-widget-text-editor.elementor-drop-cap-view-framed .elementor-drop-cap{color:#69727d;border:3px solid;background-color:transparent}.elementor-widget-text-editor:not(.elementor-drop-cap-view-default) .elementor-drop-cap{margin-top:8px}.elementor-widget-text-editor:not(.elementor-drop-cap-view-default) .elementor-drop-cap-letter{width:1em;height:1em}.elementor-widget-text-editor .elementor-drop-cap{float:left;text-align:center;line-height:1;font-size:50px}.elementor-widget-text-editor .elementor-drop-cap-letter{display:inline-block}<\/style>\t\t\t\t<p><span style=\"text-decoration: underline; color: #000080;\"><a style=\"color: #000080; text-decoration: underline;\" href=\"https:\/\/agencia-xyz.com\/index.php\/marketing-medico\/\">Marketing M\u00e9dico.<\/a><\/span><\/p><p><span style=\"text-decoration: underline; color: #000080;\"><a style=\"color: #000080; text-decoration: underline;\" href=\"https:\/\/agencia-xyz.com\/index.php\/marketing-juridico\/\">Marketing Jur\u00eddico.<\/a><\/span><\/p><p><span style=\"text-decoration: underline; color: #000080;\"><a style=\"color: #000080; text-decoration: underline;\" href=\"https:\/\/agencia-xyz.com\/index.php\/empresas-y-profesionales-de-servicios\/\">Dem\u00e1s Empresas y profesionales de servicios.<\/a><\/span><\/p>\t\t\t\t\t\t<\/div>\n\t\t\t\t<\/div>\n\t\t\t\t<div class=\"elementor-element elementor-element-0ecd3c7 elementor-widget elementor-widget-heading\" data-id=\"0ecd3c7\" data-element_type=\"widget\" data-widget_type=\"heading.default\">\n\t\t\t\t<div class=\"elementor-widget-container\">\n\t\t\t<h2 class=\"elementor-heading-title elementor-size-default\">Empresa<\/h2>\t\t<\/div>\n\t\t\t\t<\/div>\n\t\t\t\t<div class=\"elementor-element elementor-element-e886173 elementor-widget elementor-widget-text-editor\" data-id=\"e886173\" data-element_type=\"widget\" data-widget_type=\"text-editor.default\">\n\t\t\t\t<div class=\"elementor-widget-container\">\n\t\t\t\t\t\t\t<p><span style=\"text-decoration: underline; color: #000080;\"><a style=\"color: #000080; text-decoration: underline;\" href=\"https:\/\/agencia-xyz.com\/index.php\/quienes-somos\/\">Nuestra Historia.<\/a><\/span><\/p><p><span style=\"text-decoration: underline; color: #000080;\"><a style=\"color: #000080; text-decoration: underline;\" href=\"https:\/\/agencia-xyz.com\/index.php\/contactanos\/\">Contacto.<\/a><\/span><\/p><p><span style=\"text-decoration: underline; color: #000080;\"><a style=\"color: #000080; text-decoration: underline;\" href=\"https:\/\/agencia-xyz.com\/index.php\/recursos-gratuitos\/\">Recursos Gratuitos.<\/a><\/span><\/p>\t\t\t\t\t\t<\/div>\n\t\t\t\t<\/div>\n\t\t\t\t\t<\/div>\n\t\t<\/div>\n\t\t\t\t<div class=\"elementor-column elementor-col-50 elementor-top-column elementor-element elementor-element-6630a50\" data-id=\"6630a50\" data-element_type=\"column\">\n\t\t\t<div class=\"elementor-widget-wrap elementor-element-populated\">\n\t\t\t\t\t\t\t\t<div class=\"elementor-element elementor-element-8450f01 elementor-widget elementor-widget-heading\" data-id=\"8450f01\" data-element_type=\"widget\" data-widget_type=\"heading.default\">\n\t\t\t\t<div class=\"elementor-widget-container\">\n\t\t\t<h2 class=\"elementor-heading-title elementor-size-default\">cont\u00e1ctanos<\/h2>\t\t<\/div>\n\t\t\t\t<\/div>\n\t\t\t\t<div class=\"elementor-element elementor-element-78c1433 elementor-widget elementor-widget-text-editor\" data-id=\"78c1433\" data-element_type=\"widget\" data-widget_type=\"text-editor.default\">\n\t\t\t\t<div class=\"elementor-widget-container\">\n\t\t\t\t\t\t\t<p><span style=\"color: #000080;\">Panam\u00e1, Ciudad de Panam\u00e1, Bella Vista.<\/span><\/p><p><span style=\"color: #000080;\">+507 6445-2064 (WhatsApp)<\/span><\/p><p><span style=\"text-decoration: underline; color: #000080;\"><a style=\"color: #000080; text-decoration: underline;\" href=\"mailto:clientes@agencia-xyz.com\">clientes@agencia-xyz.com<\/a><\/span><\/p>\t\t\t\t\t\t<\/div>\n\t\t\t\t<\/div>\n\t\t\t\t<div class=\"elementor-element elementor-element-90619ad elementor-widget elementor-widget-text-editor\" data-id=\"90619ad\" data-element_type=\"widget\" data-widget_type=\"text-editor.default\">\n\t\t\t\t<div class=\"elementor-widget-container\">\n\t\t\t\t\t\t\t<p><b>\u00a1S\u00edguenos!<\/b><\/p>\t\t\t\t\t\t<\/div>\n\t\t\t\t<\/div>\n\t\t\t\t<div class=\"elementor-element elementor-element-dbb2486 elementor-view-default elementor-invisible elementor-widget elementor-widget-icon\" data-id=\"dbb2486\" data-element_type=\"widget\" data-settings=\"{&quot;_animation&quot;:&quot;fadeInUp&quot;}\" data-widget_type=\"icon.default\">\n\t\t\t\t<div class=\"elementor-widget-container\">\n\t\t\t\t\t<div class=\"elementor-icon-wrapper\">\n\t\t\t<a class=\"elementor-icon elementor-animation-shrink\" href=\"https:\/\/www.instagram.com\/agencia.xyz\/\">\n\t\t\t<i aria-hidden=\"true\" class=\"fab fa-instagram\"><\/i>\t\t\t<\/a>\n\t\t<\/div>\n\t\t\t\t<\/div>\n\t\t\t\t<\/div>\n\t\t\t\t<div class=\"elementor-element elementor-element-4f28940 elementor-view-default elementor-invisible elementor-widget elementor-widget-icon\" data-id=\"4f28940\" data-element_type=\"widget\" data-settings=\"{&quot;_animation&quot;:&quot;fadeInUp&quot;}\" data-widget_type=\"icon.default\">\n\t\t\t\t<div class=\"elementor-widget-container\">\n\t\t\t\t\t<div class=\"elementor-icon-wrapper\">\n\t\t\t<a class=\"elementor-icon elementor-animation-shrink\" href=\"https:\/\/wa.link\/tomg4w\">\n\t\t\t<i aria-hidden=\"true\" class=\"fab fa-whatsapp\"><\/i>\t\t\t<\/a>\n\t\t<\/div>\n\t\t\t\t<\/div>\n\t\t\t\t<\/div>\n\t\t\t\t\t<\/div>\n\t\t<\/div>\n\t\t\t\t\t\t\t<\/div>\n\t\t<\/section>\n\t\t\t\t\t\t\t<\/div>\n\t\t","protected":false},"excerpt":{"rendered":"<p>Pronto subiremos nuestras vacantes disponibles. servicios Marketing M\u00e9dico. Marketing Jur\u00eddico. Dem\u00e1s Empresas y profesionales de servicios. Empresa Nuestra Historia. Contacto. Recursos Gratuitos. cont\u00e1ctanos Panam\u00e1, Ciudad de Panam\u00e1, Bella Vista. +507 6445-2064 (WhatsApp) clientes@agencia-xyz.com \u00a1S\u00edguenos!<\/p>\n","protected":false},"author":1,"featured_media":0,"parent":0,"menu_order":0,"comment_status":"closed","ping_status":"closed","template":"","meta":{"content-type":"","footnotes":""},"class_list":["post-271","page","type-page","status-publish","hentry"],"yoast_head":"<!-- This site is optimized with the Yoast SEO plugin v19.2 - https:\/\/yoast.com\/wordpress\/plugins\/seo\/ -->\n<title>Trabaja con nosotros! - Agencia XYZ! - Marketing Digital para empresas de servicios<\/title>\n<meta name=\"robots\" content=\"index, follow, max-snippet:-1, max-image-preview:large, max-video-preview:-1\" \/>\n<link rel=\"canonical\" href=\"https:\/\/agencia-xyz.com\/index.php\/trabaja-con-nosotros\/\" \/>\n<meta property=\"og:locale\" content=\"es_ES\" \/>\n<meta property=\"og:type\" content=\"article\" \/>\n<meta property=\"og:title\" content=\"Trabaja con nosotros! - Agencia XYZ! - Marketing Digital para empresas de servicios\" \/>\n<meta property=\"og:description\" content=\"Pronto subiremos nuestras vacantes disponibles. servicios Marketing M\u00e9dico. Marketing Jur\u00eddico. Dem\u00e1s Empresas y profesionales de servicios. Empresa Nuestra Historia. Contacto. Recursos Gratuitos. cont\u00e1ctanos Panam\u00e1, Ciudad de Panam\u00e1, Bella Vista. +507 6445-2064 (WhatsApp) clientes@agencia-xyz.com \u00a1S\u00edguenos!\" \/>\n<meta property=\"og:url\" content=\"https:\/\/agencia-xyz.com\/index.php\/trabaja-con-nosotros\/\" \/>\n<meta property=\"og:site_name\" content=\"Agencia XYZ! - Marketing Digital para empresas de servicios\" \/>\n<meta property=\"article:modified_time\" content=\"2022-09-29T08:18:26+00:00\" \/>\n<meta name=\"author\" content=\"agenciaxyz1\" \/>\n<meta name=\"twitter:card\" content=\"summary_large_image\" \/>\n<meta name=\"twitter:label1\" content=\"Tiempo de lectura\" \/>\n\t<meta name=\"twitter:data1\" content=\"1 minuto\" \/>\n<script type=\"application\/ld+json\" class=\"yoast-schema-graph\">{\"@context\":\"https:\/\/schema.org\",\"@graph\":[{\"@type\":\"Organization\",\"@id\":\"https:\/\/agencia-xyz.com\/#organization\",\"name\":\"Agencia XYZ\",\"url\":\"https:\/\/agencia-xyz.com\/\",\"sameAs\":[],\"logo\":{\"@type\":\"ImageObject\",\"inLanguage\":\"es\",\"@id\":\"https:\/\/agencia-xyz.com\/#\/schema\/logo\/image\/\",\"url\":\"https:\/\/agencia-xyz.com\/wp-content\/uploads\/2022\/04\/XYZ-3D-SIN-FONDO-2-1.png\",\"contentUrl\":\"https:\/\/agencia-xyz.com\/wp-content\/uploads\/2022\/04\/XYZ-3D-SIN-FONDO-2-1.png\",\"width\":1069,\"height\":571,\"caption\":\"Agencia XYZ\"},\"image\":{\"@id\":\"https:\/\/agencia-xyz.com\/#\/schema\/logo\/image\/\"}},{\"@type\":\"WebSite\",\"@id\":\"https:\/\/agencia-xyz.com\/#website\",\"url\":\"https:\/\/agencia-xyz.com\/\",\"name\":\"Agencia XYZ! - Marketing Digital para empresas de servicios\",\"description\":\"Creando sistemas de captaci\u00f3n, retenci\u00f3n y referidos para empresas de servicios m\u00e9dicos, abogados, academias y dem\u00e1s servicios.\",\"publisher\":{\"@id\":\"https:\/\/agencia-xyz.com\/#organization\"},\"potentialAction\":[{\"@type\":\"SearchAction\",\"target\":{\"@type\":\"EntryPoint\",\"urlTemplate\":\"https:\/\/agencia-xyz.com\/?s={search_term_string}\"},\"query-input\":\"required name=search_term_string\"}],\"inLanguage\":\"es\"},{\"@type\":\"WebPage\",\"@id\":\"https:\/\/agencia-xyz.com\/index.php\/trabaja-con-nosotros\/#webpage\",\"url\":\"https:\/\/agencia-xyz.com\/index.php\/trabaja-con-nosotros\/\",\"name\":\"Trabaja con nosotros! - Agencia XYZ! - Marketing Digital para empresas de servicios\",\"isPartOf\":{\"@id\":\"https:\/\/agencia-xyz.com\/#website\"},\"datePublished\":\"2022-04-21T18:02:54+00:00\",\"dateModified\":\"2022-09-29T08:18:26+00:00\",\"breadcrumb\":{\"@id\":\"https:\/\/agencia-xyz.com\/index.php\/trabaja-con-nosotros\/#breadcrumb\"},\"inLanguage\":\"es\",\"potentialAction\":[{\"@type\":\"ReadAction\",\"target\":[\"https:\/\/agencia-xyz.com\/index.php\/trabaja-con-nosotros\/\"]}]},{\"@type\":\"BreadcrumbList\",\"@id\":\"https:\/\/agencia-xyz.com\/index.php\/trabaja-con-nosotros\/#breadcrumb\",\"itemListElement\":[{\"@type\":\"ListItem\",\"position\":1,\"name\":\"Portada\",\"item\":\"https:\/\/agencia-xyz.com\/\"},{\"@type\":\"ListItem\",\"position\":2,\"name\":\"Trabaja con nosotros!\"}]}]}<\/script>\n<!-- \/ Yoast SEO plugin. -->","yoast_head_json":{"title":"Trabaja con nosotros! - Agencia XYZ! - Marketing Digital para empresas de servicios","robots":{"index":"index","follow":"follow","max-snippet":"max-snippet:-1","max-image-preview":"max-image-preview:large","max-video-preview":"max-video-preview:-1"},"canonical":"https:\/\/agencia-xyz.com\/index.php\/trabaja-con-nosotros\/","og_locale":"es_ES","og_type":"article","og_title":"Trabaja con nosotros! - Agencia XYZ! - Marketing Digital para empresas de servicios","og_description":"Pronto subiremos nuestras vacantes disponibles. servicios Marketing M\u00e9dico. Marketing Jur\u00eddico. Dem\u00e1s Empresas y profesionales de servicios. Empresa Nuestra Historia. Contacto. Recursos Gratuitos. cont\u00e1ctanos Panam\u00e1, Ciudad de Panam\u00e1, Bella Vista. +507 6445-2064 (WhatsApp) clientes@agencia-xyz.com \u00a1S\u00edguenos!","og_url":"https:\/\/agencia-xyz.com\/index.php\/trabaja-con-nosotros\/","og_site_name":"Agencia XYZ! - Marketing Digital para empresas de servicios","article_modified_time":"2022-09-29T08:18:26+00:00","author":"agenciaxyz1","twitter_card":"summary_large_image","twitter_misc":{"Tiempo de lectura":"1 minuto"},"schema":{"@context":"https:\/\/schema.org","@graph":[{"@type":"Organization","@id":"https:\/\/agencia-xyz.com\/#organization","name":"Agencia XYZ","url":"https:\/\/agencia-xyz.com\/","sameAs":[],"logo":{"@type":"ImageObject","inLanguage":"es","@id":"https:\/\/agencia-xyz.com\/#\/schema\/logo\/image\/","url":"https:\/\/agencia-xyz.com\/wp-content\/uploads\/2022\/04\/XYZ-3D-SIN-FONDO-2-1.png","contentUrl":"https:\/\/agencia-xyz.com\/wp-content\/uploads\/2022\/04\/XYZ-3D-SIN-FONDO-2-1.png","width":1069,"height":571,"caption":"Agencia XYZ"},"image":{"@id":"https:\/\/agencia-xyz.com\/#\/schema\/logo\/image\/"}},{"@type":"WebSite","@id":"https:\/\/agencia-xyz.com\/#website","url":"https:\/\/agencia-xyz.com\/","name":"Agencia XYZ! - Marketing Digital para empresas de servicios","description":"Creando sistemas de captaci\u00f3n, retenci\u00f3n y referidos para empresas de servicios m\u00e9dicos, abogados, academias y dem\u00e1s servicios.","publisher":{"@id":"https:\/\/agencia-xyz.com\/#organization"},"potentialAction":[{"@type":"SearchAction","target":{"@type":"EntryPoint","urlTemplate":"https:\/\/agencia-xyz.com\/?s={search_term_string}"},"query-input":"required name=search_term_string"}],"inLanguage":"es"},{"@type":"WebPage","@id":"https:\/\/agencia-xyz.com\/index.php\/trabaja-con-nosotros\/#webpage","url":"https:\/\/agencia-xyz.com\/index.php\/trabaja-con-nosotros\/","name":"Trabaja con nosotros! - Agencia XYZ! - Marketing Digital para empresas de servicios","isPartOf":{"@id":"https:\/\/agencia-xyz.com\/#website"},"datePublished":"2022-04-21T18:02:54+00:00","dateModified":"2022-09-29T08:18:26+00:00","breadcrumb":{"@id":"https:\/\/agencia-xyz.com\/index.php\/trabaja-con-nosotros\/#breadcrumb"},"inLanguage":"es","potentialAction":[{"@type":"ReadAction","target":["https:\/\/agencia-xyz.com\/index.php\/trabaja-con-nosotros\/"]}]},{"@type":"BreadcrumbList","@id":"https:\/\/agencia-xyz.com\/index.php\/trabaja-con-nosotros\/#breadcrumb","itemListElement":[{"@type":"ListItem","position":1,"name":"Portada","item":"https:\/\/agencia-xyz.com\/"},{"@type":"ListItem","position":2,"name":"Trabaja con nosotros!"}]}]}},"rttpg_featured_image_url":null,"rttpg_author":{"display_name":"agenciaxyz1","author_link":"https:\/\/agencia-xyz.com\/index.php\/author\/agenciaxyz1\/"},"rttpg_comment":0,"rttpg_category":null,"rttpg_excerpt":"Pronto subiremos nuestras vacantes disponibles. servicios Marketing M\u00e9dico. Marketing Jur\u00eddico. Dem\u00e1s Empresas y profesionales de servicios. Empresa Nuestra Historia. Contacto. Recursos Gratuitos. cont\u00e1ctanos Panam\u00e1, Ciudad de Panam\u00e1, Bella Vista. +507 6445-2064 (WhatsApp) clientes@agencia-xyz.com \u00a1S\u00edguenos!","_links":{"self":[{"href":"https:\/\/agencia-xyz.com\/index.php\/wp-json\/wp\/v2\/pages\/271"}],"collection":[{"href":"https:\/\/agencia-xyz.com\/index.php\/wp-json\/wp\/v2\/pages"}],"about":[{"href":"https:\/\/agencia-xyz.com\/index.php\/wp-json\/wp\/v2\/types\/page"}],"author":[{"embeddable":true,"href":"https:\/\/agencia-xyz.com\/index.php\/wp-json\/wp\/v2\/users\/1"}],"replies":[{"embeddable":true,"href":"https:\/\/agencia-xyz.com\/index.php\/wp-json\/wp\/v2\/comments?post=271"}],"version-history":[{"count":16,"href":"https:\/\/agencia-xyz.com\/index.php\/wp-json\/wp\/v2\/pages\/271\/revisions"}],"predecessor-version":[{"id":1149,"href":"https:\/\/agencia-xyz.com\/index.php\/wp-json\/wp\/v2\/pages\/271\/revisions\/1149"}],"wp:attachment":[{"href":"https:\/\/agencia-xyz.com\/index.php\/wp-json\/wp\/v2\/media?parent=271"}],"curies":[{"name":"wp","href":"https:\/\/api.w.org\/{rel}","templated":true}]}}