{"id":2377,"date":"2023-07-06T18:43:06","date_gmt":"2023-07-06T18:43:06","guid":{"rendered":"https:\/\/agencia-xyz.com\/?page_id=2377"},"modified":"2023-07-06T18:53:43","modified_gmt":"2023-07-06T18:53:43","slug":"politicas-de-privacidad-agencia-xyz","status":"publish","type":"page","link":"https:\/\/agencia-xyz.com\/index.php\/politicas-de-privacidad-agencia-xyz\/","title":{"rendered":"Pol\u00edticas de privacidad &#8211; Agencia XYZ"},"content":{"rendered":"\t\t<div data-elementor-type=\"wp-page\" data-elementor-id=\"2377\" class=\"elementor elementor-2377\" data-elementor-post-type=\"page\">\n\t\t\t\t\t\t\t\t\t<section class=\"elementor-section elementor-top-section elementor-element elementor-element-f94a05b elementor-section-boxed elementor-section-height-default elementor-section-height-default wpr-particle-no wpr-jarallax-no wpr-parallax-no wpr-sticky-section-no\" data-id=\"f94a05b\" data-element_type=\"section\">\n\t\t\t\t\t\t<div class=\"elementor-container elementor-column-gap-default\">\n\t\t\t\t\t<div class=\"elementor-column elementor-col-100 elementor-top-column elementor-element elementor-element-7fb7ad9\" data-id=\"7fb7ad9\" data-element_type=\"column\">\n\t\t\t<div class=\"elementor-widget-wrap elementor-element-populated\">\n\t\t\t\t\t\t\t\t<div class=\"elementor-element elementor-element-cf9dd5e elementor-widget elementor-widget-heading\" data-id=\"cf9dd5e\" data-element_type=\"widget\" data-widget_type=\"heading.default\">\n\t\t\t\t<div class=\"elementor-widget-container\">\n\t\t\t<style>\/*! elementor - v3.15.0 - 20-08-2023 *\/\n.elementor-heading-title{padding:0;margin:0;line-height:1}.elementor-widget-heading .elementor-heading-title[class*=elementor-size-]>a{color:inherit;font-size:inherit;line-height:inherit}.elementor-widget-heading .elementor-heading-title.elementor-size-small{font-size:15px}.elementor-widget-heading .elementor-heading-title.elementor-size-medium{font-size:19px}.elementor-widget-heading .elementor-heading-title.elementor-size-large{font-size:29px}.elementor-widget-heading .elementor-heading-title.elementor-size-xl{font-size:39px}.elementor-widget-heading .elementor-heading-title.elementor-size-xxl{font-size:59px}<\/style><h2 class=\"elementor-heading-title elementor-size-default\">Pol\u00edticas de privacidad<\/h2>\t\t<\/div>\n\t\t\t\t<\/div>\n\t\t\t\t<div class=\"elementor-element elementor-element-e3181db elementor-widget elementor-widget-text-editor\" data-id=\"e3181db\" data-element_type=\"widget\" data-widget_type=\"text-editor.default\">\n\t\t\t\t<div class=\"elementor-widget-container\">\n\t\t\t<style>\/*! elementor - v3.15.0 - 20-08-2023 *\/\n.elementor-widget-text-editor.elementor-drop-cap-view-stacked .elementor-drop-cap{background-color:#69727d;color:#fff}.elementor-widget-text-editor.elementor-drop-cap-view-framed .elementor-drop-cap{color:#69727d;border:3px solid;background-color:transparent}.elementor-widget-text-editor:not(.elementor-drop-cap-view-default) .elementor-drop-cap{margin-top:8px}.elementor-widget-text-editor:not(.elementor-drop-cap-view-default) .elementor-drop-cap-letter{width:1em;height:1em}.elementor-widget-text-editor .elementor-drop-cap{float:left;text-align:center;line-height:1;font-size:50px}.elementor-widget-text-editor .elementor-drop-cap-letter{display:inline-block}<\/style>\t\t\t\t<p><span style=\"font-weight: 400;\">Pol\u00edtica de privacidad<\/span><\/p><p><span style=\"font-weight: 400;\">AGENCIA-XYZ.COM , te informa como titular y responsable del tratamiento de datos personales que \u00e9sta cumple con la normativa europea y nacional de protecci\u00f3n de datos personales y en base al principio de transparencia e informaci\u00f3n lleva a cabo el siguiente esquema de tratamiento de datos personales y ponerlo a disposici\u00f3n de los usuarios de una forma sencilla y clara.<\/span><\/p><p><span style=\"font-weight: 400;\">De igual forma, te informamos que los datos personales tratados por\u00a0<\/span>AGENCIA-XYZ.COM<span style=\"font-weight: 400;\">\u00a0ser\u00e1n minimizados lo m\u00e1ximo posible para cada una de las finalidades expuestas, tratando aquellos con la menor o indispensable informaci\u00f3n asociada a la identificaci\u00f3n personal para la correcta prestaci\u00f3n del servicio o solicitud del interesado.<\/span><\/p><p><span style=\"font-weight: 400;\">Informaci\u00f3n sobre el Tratamiento de Datos Personales<\/span><\/p><p><span style=\"font-weight: 400;\">Responsable del Tratamiento<\/span><\/p><p><span style=\"color: var( --e-global-color-text );\">AGENCIA-XYZ.COM<\/span><span style=\"font-weight: 400;\">\u00a0<\/span><\/p><p><span style=\"font-weight: 400;\">Remisi\u00f3n de boletines informativos o newsletter.<\/span><\/p><p><span style=\"font-weight: 400;\">Gesti\u00f3n de plataformas sociales titularidad o asociadas a\u00a0<\/span>AGENCIA-XYZ.COM<span style=\"font-weight: 400;\">\u00a0<\/span><\/p><p><span style=\"font-weight: 400;\">Cookies propias y de terceros basadas en preferencias.<\/span><\/p><p><span style=\"font-weight: 400;\">Contacto<\/span><\/p><p><span style=\"font-weight: 400;\">Alta en nuestra web o medios sociales.<\/span><\/p><p><span style=\"font-weight: 400;\">En todo caso, en cada uno de los formularios que incluimos en nuestra p\u00e1gina web, se especifica la finalidad para la cual ser\u00e1n utilizados los mismos, de forma sencilla y clara, de tal forma que el interesado siempre pueda tener el control sobre sus datos personales.<\/span><\/p><p><span style=\"font-weight: 400;\">Base Jur\u00eddica<\/span><\/p><p><span style=\"font-weight: 400;\">Art\u00edculo 6.1 a) RGPD. Consentimiento interesado.<\/span><\/p><p><span style=\"font-weight: 400;\">Art\u00edculo 6.1b) RGPD. Para la ejecuci\u00f3n de un contrato.<\/span><\/p><p><span style=\"font-weight: 400;\">Art\u00edculo 6.1.d) RGPD. Para el cumplimiento de intereses leg\u00edtimos.<\/span><\/p><p><span style=\"font-weight: 400;\">Ejercicio de Derechos<\/span><\/p><p><span style=\"font-weight: 400;\">Se reconocen los derechos afectos de acceso, rectificaci\u00f3n, cancelaci\u00f3n, oposici\u00f3n, supresi\u00f3n, limitaci\u00f3n, portabilidad a trav\u00e9s de la direcci\u00f3n electr\u00f3nica clientes@agencia-xyz.com<\/span><\/p><p><span style=\"font-weight: 400;\">Desistimiento<\/span><\/p><p><span style=\"font-weight: 400;\">Gratuito a petici\u00f3n del afectado.<\/span><\/p><p><span style=\"font-weight: 400;\">Conservaci\u00f3n<\/span><\/p><p><span style=\"font-weight: 400;\">Los datos personales ser\u00e1n conservados durante el m\u00ednimo plazo necesario, dependiendo la responsabilidad que pudiere derivar y, aquellos tratamientos que no afecten a la responsabilidad civil, mercantil y\/o fiscal ser\u00e1n conservados por plazo no superior a 13 meses.<\/span><\/p><p><span style=\"font-weight: 400;\">Destinatarios<\/span><\/p><p><span style=\"font-weight: 400;\">Encargados de tratamiento \u2013hosting.<\/span><\/p><p><span style=\"font-weight: 400;\">Reclamaci\u00f3n<\/span><\/p><p><span style=\"font-weight: 400;\">Podr\u00e1 dirigir sus reclamaciones en materia de protecci\u00f3n de datos ante la Agencia Espa\u00f1ola de Protecci\u00f3n de Datos www.agpd.es.<\/span><\/p><p><span style=\"font-weight: 400;\">Comunicaci\u00f3n de Datos<\/span><\/p><p><span style=\"font-weight: 400;\">No se prev\u00e9n comunicaciones de datos que no se encuentren amparada en imperativo legal.<\/span><\/p><p><span style=\"font-weight: 400;\">Informaci\u00f3n Adicional<\/span><\/p><p><span style=\"font-weight: 400;\">AGENCIA-XYZ.COM\u00a0<\/span><\/p><p><span style=\"font-weight: 400;\">\u00a9 2023.\u00a0<\/span>AGENCIA-XYZ.COM<span style=\"font-weight: 400;\">\u00a0TODOS LOS DERECHOS RESERVADOS<\/span><\/p>\t\t\t\t\t\t<\/div>\n\t\t\t\t<\/div>\n\t\t\t\t\t<\/div>\n\t\t<\/div>\n\t\t\t\t\t\t\t<\/div>\n\t\t<\/section>\n\t\t\t\t\t\t\t<\/div>\n\t\t","protected":false},"excerpt":{"rendered":"<p>Pol\u00edticas de privacidad Pol\u00edtica de privacidad AGENCIA-XYZ.COM , te informa como titular y responsable del tratamiento de datos personales que \u00e9sta cumple con la normativa europea y nacional de protecci\u00f3n de datos personales y en base al principio de transparencia e informaci\u00f3n lleva a cabo el siguiente esquema de tratamiento de datos personales y ponerlo [&hellip;]<\/p>\n","protected":false},"author":1,"featured_media":0,"parent":0,"menu_order":0,"comment_status":"closed","ping_status":"closed","template":"","meta":{"content-type":"","footnotes":""},"class_list":["post-2377","page","type-page","status-publish","hentry"],"yoast_head":"<!-- This site is optimized with the Yoast SEO plugin v19.2 - https:\/\/yoast.com\/wordpress\/plugins\/seo\/ -->\n<title>Pol\u00edticas de privacidad - Agencia XYZ - Agencia XYZ! - Marketing Digital para empresas de servicios<\/title>\n<meta name=\"robots\" content=\"index, follow, max-snippet:-1, max-image-preview:large, max-video-preview:-1\" \/>\n<link rel=\"canonical\" href=\"https:\/\/agencia-xyz.com\/index.php\/politicas-de-privacidad-agencia-xyz\/\" \/>\n<meta property=\"og:locale\" content=\"es_ES\" \/>\n<meta property=\"og:type\" content=\"article\" \/>\n<meta property=\"og:title\" content=\"Pol\u00edticas de privacidad - Agencia XYZ - Agencia XYZ! - Marketing Digital para empresas de servicios\" \/>\n<meta property=\"og:description\" content=\"Pol\u00edticas de privacidad Pol\u00edtica de privacidad AGENCIA-XYZ.COM , te informa como titular y responsable del tratamiento de datos personales que \u00e9sta cumple con la normativa europea y nacional de protecci\u00f3n de datos personales y en base al principio de transparencia e informaci\u00f3n lleva a cabo el siguiente esquema de tratamiento de datos personales y ponerlo [&hellip;]\" \/>\n<meta property=\"og:url\" content=\"https:\/\/agencia-xyz.com\/index.php\/politicas-de-privacidad-agencia-xyz\/\" \/>\n<meta property=\"og:site_name\" content=\"Agencia XYZ! - Marketing Digital para empresas de servicios\" \/>\n<meta property=\"article:modified_time\" content=\"2023-07-06T18:53:43+00:00\" \/>\n<meta name=\"author\" content=\"agenciaxyz1\" \/>\n<meta name=\"twitter:card\" content=\"summary_large_image\" \/>\n<meta name=\"twitter:label1\" content=\"Tiempo de lectura\" \/>\n\t<meta name=\"twitter:data1\" content=\"2 minutos\" \/>\n<script type=\"application\/ld+json\" class=\"yoast-schema-graph\">{\"@context\":\"https:\/\/schema.org\",\"@graph\":[{\"@type\":\"Organization\",\"@id\":\"https:\/\/agencia-xyz.com\/#organization\",\"name\":\"Agencia XYZ\",\"url\":\"https:\/\/agencia-xyz.com\/\",\"sameAs\":[],\"logo\":{\"@type\":\"ImageObject\",\"inLanguage\":\"es\",\"@id\":\"https:\/\/agencia-xyz.com\/#\/schema\/logo\/image\/\",\"url\":\"https:\/\/agencia-xyz.com\/wp-content\/uploads\/2022\/04\/XYZ-3D-SIN-FONDO-2-1.png\",\"contentUrl\":\"https:\/\/agencia-xyz.com\/wp-content\/uploads\/2022\/04\/XYZ-3D-SIN-FONDO-2-1.png\",\"width\":1069,\"height\":571,\"caption\":\"Agencia XYZ\"},\"image\":{\"@id\":\"https:\/\/agencia-xyz.com\/#\/schema\/logo\/image\/\"}},{\"@type\":\"WebSite\",\"@id\":\"https:\/\/agencia-xyz.com\/#website\",\"url\":\"https:\/\/agencia-xyz.com\/\",\"name\":\"Agencia XYZ! - Marketing Digital para empresas de servicios\",\"description\":\"Creando sistemas de captaci\u00f3n, retenci\u00f3n y referidos para empresas de servicios m\u00e9dicos, abogados, academias y dem\u00e1s servicios.\",\"publisher\":{\"@id\":\"https:\/\/agencia-xyz.com\/#organization\"},\"potentialAction\":[{\"@type\":\"SearchAction\",\"target\":{\"@type\":\"EntryPoint\",\"urlTemplate\":\"https:\/\/agencia-xyz.com\/?s={search_term_string}\"},\"query-input\":\"required name=search_term_string\"}],\"inLanguage\":\"es\"},{\"@type\":\"WebPage\",\"@id\":\"https:\/\/agencia-xyz.com\/index.php\/politicas-de-privacidad-agencia-xyz\/#webpage\",\"url\":\"https:\/\/agencia-xyz.com\/index.php\/politicas-de-privacidad-agencia-xyz\/\",\"name\":\"Pol\u00edticas de privacidad - Agencia XYZ - Agencia XYZ! - Marketing Digital para empresas de servicios\",\"isPartOf\":{\"@id\":\"https:\/\/agencia-xyz.com\/#website\"},\"datePublished\":\"2023-07-06T18:43:06+00:00\",\"dateModified\":\"2023-07-06T18:53:43+00:00\",\"breadcrumb\":{\"@id\":\"https:\/\/agencia-xyz.com\/index.php\/politicas-de-privacidad-agencia-xyz\/#breadcrumb\"},\"inLanguage\":\"es\",\"potentialAction\":[{\"@type\":\"ReadAction\",\"target\":[\"https:\/\/agencia-xyz.com\/index.php\/politicas-de-privacidad-agencia-xyz\/\"]}]},{\"@type\":\"BreadcrumbList\",\"@id\":\"https:\/\/agencia-xyz.com\/index.php\/politicas-de-privacidad-agencia-xyz\/#breadcrumb\",\"itemListElement\":[{\"@type\":\"ListItem\",\"position\":1,\"name\":\"Portada\",\"item\":\"https:\/\/agencia-xyz.com\/\"},{\"@type\":\"ListItem\",\"position\":2,\"name\":\"Pol\u00edticas de privacidad &#8211; Agencia XYZ\"}]}]}<\/script>\n<!-- \/ Yoast SEO plugin. -->","yoast_head_json":{"title":"Pol\u00edticas de privacidad - Agencia XYZ - Agencia XYZ! - Marketing Digital para empresas de servicios","robots":{"index":"index","follow":"follow","max-snippet":"max-snippet:-1","max-image-preview":"max-image-preview:large","max-video-preview":"max-video-preview:-1"},"canonical":"https:\/\/agencia-xyz.com\/index.php\/politicas-de-privacidad-agencia-xyz\/","og_locale":"es_ES","og_type":"article","og_title":"Pol\u00edticas de privacidad - Agencia XYZ - Agencia XYZ! - Marketing Digital para empresas de servicios","og_description":"Pol\u00edticas de privacidad Pol\u00edtica de privacidad AGENCIA-XYZ.COM , te informa como titular y responsable del tratamiento de datos personales que \u00e9sta cumple con la normativa europea y nacional de protecci\u00f3n de datos personales y en base al principio de transparencia e informaci\u00f3n lleva a cabo el siguiente esquema de tratamiento de datos personales y ponerlo [&hellip;]","og_url":"https:\/\/agencia-xyz.com\/index.php\/politicas-de-privacidad-agencia-xyz\/","og_site_name":"Agencia XYZ! - Marketing Digital para empresas de servicios","article_modified_time":"2023-07-06T18:53:43+00:00","author":"agenciaxyz1","twitter_card":"summary_large_image","twitter_misc":{"Tiempo de lectura":"2 minutos"},"schema":{"@context":"https:\/\/schema.org","@graph":[{"@type":"Organization","@id":"https:\/\/agencia-xyz.com\/#organization","name":"Agencia XYZ","url":"https:\/\/agencia-xyz.com\/","sameAs":[],"logo":{"@type":"ImageObject","inLanguage":"es","@id":"https:\/\/agencia-xyz.com\/#\/schema\/logo\/image\/","url":"https:\/\/agencia-xyz.com\/wp-content\/uploads\/2022\/04\/XYZ-3D-SIN-FONDO-2-1.png","contentUrl":"https:\/\/agencia-xyz.com\/wp-content\/uploads\/2022\/04\/XYZ-3D-SIN-FONDO-2-1.png","width":1069,"height":571,"caption":"Agencia XYZ"},"image":{"@id":"https:\/\/agencia-xyz.com\/#\/schema\/logo\/image\/"}},{"@type":"WebSite","@id":"https:\/\/agencia-xyz.com\/#website","url":"https:\/\/agencia-xyz.com\/","name":"Agencia XYZ! - Marketing Digital para empresas de servicios","description":"Creando sistemas de captaci\u00f3n, retenci\u00f3n y referidos para empresas de servicios m\u00e9dicos, abogados, academias y dem\u00e1s servicios.","publisher":{"@id":"https:\/\/agencia-xyz.com\/#organization"},"potentialAction":[{"@type":"SearchAction","target":{"@type":"EntryPoint","urlTemplate":"https:\/\/agencia-xyz.com\/?s={search_term_string}"},"query-input":"required name=search_term_string"}],"inLanguage":"es"},{"@type":"WebPage","@id":"https:\/\/agencia-xyz.com\/index.php\/politicas-de-privacidad-agencia-xyz\/#webpage","url":"https:\/\/agencia-xyz.com\/index.php\/politicas-de-privacidad-agencia-xyz\/","name":"Pol\u00edticas de privacidad - Agencia XYZ - Agencia XYZ! - Marketing Digital para empresas de servicios","isPartOf":{"@id":"https:\/\/agencia-xyz.com\/#website"},"datePublished":"2023-07-06T18:43:06+00:00","dateModified":"2023-07-06T18:53:43+00:00","breadcrumb":{"@id":"https:\/\/agencia-xyz.com\/index.php\/politicas-de-privacidad-agencia-xyz\/#breadcrumb"},"inLanguage":"es","potentialAction":[{"@type":"ReadAction","target":["https:\/\/agencia-xyz.com\/index.php\/politicas-de-privacidad-agencia-xyz\/"]}]},{"@type":"BreadcrumbList","@id":"https:\/\/agencia-xyz.com\/index.php\/politicas-de-privacidad-agencia-xyz\/#breadcrumb","itemListElement":[{"@type":"ListItem","position":1,"name":"Portada","item":"https:\/\/agencia-xyz.com\/"},{"@type":"ListItem","position":2,"name":"Pol\u00edticas de privacidad &#8211; Agencia XYZ"}]}]}},"rttpg_featured_image_url":null,"rttpg_author":{"display_name":"agenciaxyz1","author_link":"https:\/\/agencia-xyz.com\/index.php\/author\/agenciaxyz1\/"},"rttpg_comment":0,"rttpg_category":null,"rttpg_excerpt":"Pol\u00edticas de privacidad Pol\u00edtica de privacidad AGENCIA-XYZ.COM , te informa como titular y responsable del tratamiento de datos personales que \u00e9sta cumple con la normativa europea y nacional de protecci\u00f3n de datos personales y en base al principio de transparencia e informaci\u00f3n lleva a cabo el siguiente esquema de tratamiento de datos personales y ponerlo&hellip;","_links":{"self":[{"href":"https:\/\/agencia-xyz.com\/index.php\/wp-json\/wp\/v2\/pages\/2377"}],"collection":[{"href":"https:\/\/agencia-xyz.com\/index.php\/wp-json\/wp\/v2\/pages"}],"about":[{"href":"https:\/\/agencia-xyz.com\/index.php\/wp-json\/wp\/v2\/types\/page"}],"author":[{"embeddable":true,"href":"https:\/\/agencia-xyz.com\/index.php\/wp-json\/wp\/v2\/users\/1"}],"replies":[{"embeddable":true,"href":"https:\/\/agencia-xyz.com\/index.php\/wp-json\/wp\/v2\/comments?post=2377"}],"version-history":[{"count":4,"href":"https:\/\/agencia-xyz.com\/index.php\/wp-json\/wp\/v2\/pages\/2377\/revisions"}],"predecessor-version":[{"id":2381,"href":"https:\/\/agencia-xyz.com\/index.php\/wp-json\/wp\/v2\/pages\/2377\/revisions\/2381"}],"wp:attachment":[{"href":"https:\/\/agencia-xyz.com\/index.php\/wp-json\/wp\/v2\/media?parent=2377"}],"curies":[{"name":"wp","href":"https:\/\/api.w.org\/{rel}","templated":true}]}}